{"id":2111,"date":"2024-09-05T11:34:52","date_gmt":"2024-09-05T09:34:52","guid":{"rendered":"https:\/\/aft-rn.net\/wordpress\/?page_id=2111"},"modified":"2025-06-20T09:10:49","modified_gmt":"2025-06-20T07:10:49","slug":"nos-outils-de-communication","status":"publish","type":"page","link":"https:\/\/aft-rn.net\/wordpress\/nos-outils-de-communication\/","title":{"rendered":"Nos outils de communication"},"content":{"rendered":"<ul>\n<li><a href=\"https:\/\/aft-rn.net\/wordpress\/2022\/02\/11\/la-liste-nationale\/\" target=\"_blank\" rel=\"noopener\"><strong>La liste <\/strong><\/a><strong><a href=\"https:\/\/aft-rn.net\/wordpress\/2022\/02\/11\/la-liste-nationale\/\" target=\"_blank\" rel=\"noopener\">nationale<\/a> d\u2019\u00e9changes <\/strong><\/li>\n<li>Nos comptes <a href=\"https:\/\/x.com\/AftrnTice\" target=\"_blank\" rel=\"noopener\"><strong>X (Twitter)<\/strong><\/a> ,<a href=\"https:\/\/bsky.app\/profile\/aft-rn.bsky.social\" target=\"_blank\" rel=\"noopener\"><strong>Bluesky<\/strong><\/a> et <a href=\"https:\/\/mastodon.zaclys.com\/@Aftrn\" target=\"_blank\" rel=\"noopener\"><strong>Mastodon<\/strong><\/a><\/li>\n<li><a href=\"https:\/\/aft-rn.net\/wordpress\/\" target=\"_blank\" rel=\"noopener\"><strong>Le site de l\u2019association<\/strong><\/a><\/li>\n<li><a href=\"https:\/\/kiterun.aft-rn.net\/\" target=\"_blank\" rel=\"noopener\"><strong>Le Kit ERUN<\/strong><\/a><\/li>\n<li>La liste d\u2019\u00e9changes r\u00e9serv\u00e9e aux adh\u00e9rents<\/li>\n<li><a href=\"https:\/\/www.linkedin.com\/company\/aft-rn\/\" target=\"_blank\" rel=\"noopener\"><strong>Le compte Linkedin<\/strong><\/a><\/li>\n<\/ul>\n","protected":false},"excerpt":{"rendered":"<p>La liste nationale d\u2019\u00e9changes Nos comptes X (Twitter) ,Bluesky et Mastodon Le site de l\u2019association Le Kit ERUN La liste d\u2019\u00e9changes r\u00e9serv\u00e9e aux adh\u00e9rents Le compte Linkedin<\/p>\n","protected":false},"author":1,"featured_media":509,"parent":0,"menu_order":0,"comment_status":"closed","ping_status":"closed","template":"","meta":{"footnotes":""},"class_list":["post-2111","page","type-page","status-publish","has-post-thumbnail","hentry"],"_links":{"self":[{"href":"https:\/\/aft-rn.net\/wordpress\/wp-json\/wp\/v2\/pages\/2111","targetHints":{"allow":["GET"]}}],"collection":[{"href":"https:\/\/aft-rn.net\/wordpress\/wp-json\/wp\/v2\/pages"}],"about":[{"href":"https:\/\/aft-rn.net\/wordpress\/wp-json\/wp\/v2\/types\/page"}],"author":[{"embeddable":true,"href":"https:\/\/aft-rn.net\/wordpress\/wp-json\/wp\/v2\/users\/1"}],"replies":[{"embeddable":true,"href":"https:\/\/aft-rn.net\/wordpress\/wp-json\/wp\/v2\/comments?post=2111"}],"version-history":[{"count":8,"href":"https:\/\/aft-rn.net\/wordpress\/wp-json\/wp\/v2\/pages\/2111\/revisions"}],"predecessor-version":[{"id":2480,"href":"https:\/\/aft-rn.net\/wordpress\/wp-json\/wp\/v2\/pages\/2111\/revisions\/2480"}],"wp:featuredmedia":[{"embeddable":true,"href":"https:\/\/aft-rn.net\/wordpress\/wp-json\/wp\/v2\/media\/509"}],"wp:attachment":[{"href":"https:\/\/aft-rn.net\/wordpress\/wp-json\/wp\/v2\/media?parent=2111"}],"curies":[{"name":"wp","href":"https:\/\/api.w.org\/{rel}","templated":true}]}}