{"id":2907,"date":"2025-12-08T17:12:31","date_gmt":"2025-12-08T16:12:31","guid":{"rendered":"https:\/\/aft-rn.net\/wordpress\/?page_id=2907"},"modified":"2026-03-23T11:03:32","modified_gmt":"2026-03-23T10:03:32","slug":"nos-partenariats","status":"publish","type":"page","link":"https:\/\/aft-rn.net\/wordpress\/nos-partenariats\/","title":{"rendered":"Nos partenariats"},"content":{"rendered":"<p style=\"text-align: center;\">S&rsquo;affichent ici les soci\u00e9t\u00e9s qui nous offrent depuis plusieurs ann\u00e9es un acc\u00e8s \u00e0 leur ressource.<\/p>\n<p><strong><a href=\"https:\/\/www.mybookinou.com\/inscription-ecole-85\" rel=\"noreferrer noopener\"><img loading=\"lazy\" decoding=\"async\" class=\" wp-image-1706 alignleft\" src=\"https:\/\/aft-rn.net\/wordpress\/wp-content\/uploads\/2023\/08\/Design-sans-titre3-300x300.jpg\" alt=\"\" width=\"113\" height=\"113\" srcset=\"https:\/\/aft-rn.net\/wordpress\/wp-content\/uploads\/2023\/08\/Design-sans-titre3-300x300.jpg 300w, https:\/\/aft-rn.net\/wordpress\/wp-content\/uploads\/2023\/08\/Design-sans-titre3-150x150.jpg 150w, https:\/\/aft-rn.net\/wordpress\/wp-content\/uploads\/2023\/08\/Design-sans-titre3-450x450.jpg 450w, https:\/\/aft-rn.net\/wordpress\/wp-content\/uploads\/2023\/08\/Design-sans-titre3.jpg 500w\" sizes=\"auto, (max-width: 113px) 100vw, 113px\" \/>Bookinou<\/a><\/strong> est un outil p\u00e9dagogique, labellis\u00e9 par l\u2019\u00c9ducation Nationale qui encourage la lecture dans les \u00e9coles. La conteuse Bookinou permet aux enseignants d\u2019enregistrer n\u2019importe quel livre ou des activit\u00e9s issues de leur guide p\u00e9dagogique, t\u00e9l\u00e9chargeable gratuitement sur leur site internet. Des milliers d\u2019\u00e9coles sont \u00e9quip\u00e9s de cet outil inclusif et \u00e9volutif.<\/p>\n<p>&nbsp;<\/p>\n<p><a href=\"https:\/\/primschool.com\/accueil\" rel=\"noopener\"><strong><img loading=\"lazy\" decoding=\"async\" class=\" wp-image-2886 alignleft\" src=\"https:\/\/aft-rn.net\/wordpress\/wp-content\/uploads\/2025\/12\/fusee-288x300.png\" alt=\"\" width=\"115\" height=\"120\" srcset=\"https:\/\/aft-rn.net\/wordpress\/wp-content\/uploads\/2025\/12\/fusee-288x300.png 288w, https:\/\/aft-rn.net\/wordpress\/wp-content\/uploads\/2025\/12\/fusee-768x799.png 768w, https:\/\/aft-rn.net\/wordpress\/wp-content\/uploads\/2025\/12\/fusee-260x270.png 260w, https:\/\/aft-rn.net\/wordpress\/wp-content\/uploads\/2025\/12\/fusee.png 924w\" sizes=\"auto, (max-width: 115px) 100vw, 115px\" \/>Primschool <\/strong><\/a>est une application tout en un pour pr\u00e9parer vos cours, \u00e9valuer et suivre vos \u00e9l\u00e8ves au quotidien. Elle est enti\u00e8rement compatible avec Nextcloud, le service cloud s\u00e9curis\u00e9 du Minist\u00e8re de l\u2019\u00c9ducation nationale et de la Jeunesse. Cette application vous permet de synchroniser vos donn\u00e9es entre plusieurs ordinateurs o\u00f9 PrimSchool est install\u00e9 (maison, \u00e9cole, etc.)<\/p>\n<p>&nbsp;<\/p>\n<p><img loading=\"lazy\" decoding=\"async\" class=\" wp-image-2910 alignleft\" src=\"https:\/\/aft-rn.net\/wordpress\/wp-content\/uploads\/2025\/12\/archipel-300x300.jpg\" alt=\"\" width=\"120\" height=\"120\" srcset=\"https:\/\/aft-rn.net\/wordpress\/wp-content\/uploads\/2025\/12\/archipel-300x300.jpg 300w, https:\/\/aft-rn.net\/wordpress\/wp-content\/uploads\/2025\/12\/archipel-150x150.jpg 150w, https:\/\/aft-rn.net\/wordpress\/wp-content\/uploads\/2025\/12\/archipel-270x270.jpg 270w, https:\/\/aft-rn.net\/wordpress\/wp-content\/uploads\/2025\/12\/archipel.jpg 500w\" sizes=\"auto, (max-width: 120px) 100vw, 120px\" \/><a href=\"https:\/\/archipel.education\/\" rel=\"noopener\"><strong>Archipel<\/strong><\/a> est un jeu vid\u00e9o p\u00e9dagogique destin\u00e9 aux \u00e9l\u00e8ves de cycle 3 ainsi qu\u2019\u00e0 ceux des classes SEGPA.\u00a0 Il couvre les fondamentaux en espace et g\u00e9om\u00e9trie, grandeurs et mesures, et calcul mental du programme du cycle. Particuli\u00e8rement efficace pour les \u00e9l\u00e8ves en difficult\u00e9, Archipel permet d\u2019aborder les math\u00e9matiques diff\u00e9remment et de r\u00e9concilier les \u00e9l\u00e8ves avec cette mati\u00e8re.<\/p>\n<p>&nbsp;<\/p>\n<p><a href=\"https:\/\/presentation.ponytail.fr\/\" rel=\"noopener\"><strong><img loading=\"lazy\" decoding=\"async\" class=\" wp-image-1975 alignleft\" src=\"https:\/\/aft-rn.net\/wordpress\/wp-content\/uploads\/2024\/02\/ponytail-logo.webp\" alt=\"\" width=\"118\" height=\"102\" \/>Ponytail<\/strong><\/a> est une m\u00e9thode innovante, permettant d\u2019enseigner l\u2019anglais en classe \u00e9l\u00e9mentaire autrement. Vid\u00e9os, le\u00e7ons, chansons, histoires, po\u00e8mes, albums et podcasts enregistr\u00e9s par plus d\u2019une vingtaine de locuteurs anglophones natifs pour travailler la compr\u00e9hension, la prononciation, le vocabulaire et la formulation de phrases.<\/p>\n<p>&nbsp;<\/p>\n<div><img loading=\"lazy\" decoding=\"async\" class=\" wp-image-2271 alignleft\" src=\"https:\/\/aft-rn.net\/wordpress\/wp-content\/uploads\/2024\/11\/SMART_Technologies_logo_richblack-300x94.webp\" alt=\"\" width=\"204\" height=\"64\" srcset=\"https:\/\/aft-rn.net\/wordpress\/wp-content\/uploads\/2024\/11\/SMART_Technologies_logo_richblack-300x94.webp 300w, https:\/\/aft-rn.net\/wordpress\/wp-content\/uploads\/2024\/11\/SMART_Technologies_logo_richblack-768x241.webp 768w, https:\/\/aft-rn.net\/wordpress\/wp-content\/uploads\/2024\/11\/SMART_Technologies_logo_richblack-360x113.webp 360w, https:\/\/aft-rn.net\/wordpress\/wp-content\/uploads\/2024\/11\/SMART_Technologies_logo_richblack.webp 955w\" sizes=\"auto, (max-width: 204px) 100vw, 204px\" \/>Le programme \u00ab\u00a0Mission EdTech\u00a0\u00bb de\u00a0<strong><a href=\"https:\/\/www.smarttech.com\/fr-fr\" target=\"_blank\" rel=\"noopener noreferrer\">SMART Technologies<\/a>\u00a0<\/strong>est r\u00e9serv\u00e9 depuis 2011 aux personnels disposant d\u2019une mission num\u00e9rique \/ TICE au sein du syst\u00e8me d\u2019enseignement (formation, \u00e9valuation, information\u2026). Il est op\u00e9r\u00e9 par\u00a0<strong><a href=\"https:\/\/www.smartacademies.eu\" target=\"_blank\" rel=\"noopener noreferrer\">Smart Acad\u00e9mies<\/a><\/strong>, le Club des profs utilisateurs.<\/div>\n<div><\/div>\n<div>\n<p><a href=\"https:\/\/www.antidote.info\/fr\/\" target=\"_blank\" rel=\"noopener\"><strong><img loading=\"lazy\" decoding=\"async\" class=\" wp-image-3220 alignleft\" src=\"https:\/\/aft-rn.net\/wordpress\/wp-content\/uploads\/2026\/03\/logo-antidote-300x60.jpg\" alt=\"\" width=\"205\" height=\"41\" srcset=\"https:\/\/aft-rn.net\/wordpress\/wp-content\/uploads\/2026\/03\/logo-antidote-300x60.jpg 300w, https:\/\/aft-rn.net\/wordpress\/wp-content\/uploads\/2026\/03\/logo-antidote-1024x205.jpg 1024w, https:\/\/aft-rn.net\/wordpress\/wp-content\/uploads\/2026\/03\/logo-antidote-768x154.jpg 768w, https:\/\/aft-rn.net\/wordpress\/wp-content\/uploads\/2026\/03\/logo-antidote-1536x307.jpg 1536w, https:\/\/aft-rn.net\/wordpress\/wp-content\/uploads\/2026\/03\/logo-antidote-2048x409.jpg 2048w, https:\/\/aft-rn.net\/wordpress\/wp-content\/uploads\/2026\/03\/logo-antidote-360x72.jpg 360w, https:\/\/aft-rn.net\/wordpress\/wp-content\/uploads\/2026\/03\/logo-antidote-1320x264.jpg 1320w\" sizes=\"auto, (max-width: 205px) 100vw, 205px\" \/>Antidote<\/strong><\/a> est un logiciel d\u2019aide \u00e0 la r\u00e9daction du fran\u00e7ais et de l\u2019anglais qui offre un correcteur avanc\u00e9, de riches dictionnaires et des guides linguistiques d\u00e9taill\u00e9s. Il s\u2019int\u00e8gre \u00e0 plus de 90\u00a0applications et s\u2019utilise sur un ordinateur, un t\u00e9l\u00e9phone, une tablette ou un Chromebook. Dot\u00e9 d\u2019un grand potentiel p\u00e9dagogique, ce puissant logiciel sert autant de r\u00e9f\u00e9rence linguistique que d\u2019accompagnement pour apprendre aux \u00e9l\u00e8ves \u00e0 mieux \u00e9crire.<\/p>\n<\/div>\n","protected":false},"excerpt":{"rendered":"<p>S&rsquo;affichent ici les soci\u00e9t\u00e9s qui nous offrent depuis plusieurs ann\u00e9es un acc\u00e8s \u00e0 leur ressource. Bookinou est un outil p\u00e9dagogique, labellis\u00e9 par l\u2019\u00c9ducation Nationale qui encourage la lecture dans les \u00e9coles. La conteuse Bookinou permet aux enseignants d\u2019enregistrer n\u2019importe quel <a href=\"https:\/\/aft-rn.net\/wordpress\/nos-partenariats\/\" class=\"read-more\">Read More &#8230;<\/a><\/p>\n","protected":false},"author":1,"featured_media":0,"parent":0,"menu_order":0,"comment_status":"closed","ping_status":"closed","template":"","meta":{"footnotes":""},"class_list":["post-2907","page","type-page","status-publish","hentry"],"_links":{"self":[{"href":"https:\/\/aft-rn.net\/wordpress\/wp-json\/wp\/v2\/pages\/2907","targetHints":{"allow":["GET"]}}],"collection":[{"href":"https:\/\/aft-rn.net\/wordpress\/wp-json\/wp\/v2\/pages"}],"about":[{"href":"https:\/\/aft-rn.net\/wordpress\/wp-json\/wp\/v2\/types\/page"}],"author":[{"embeddable":true,"href":"https:\/\/aft-rn.net\/wordpress\/wp-json\/wp\/v2\/users\/1"}],"replies":[{"embeddable":true,"href":"https:\/\/aft-rn.net\/wordpress\/wp-json\/wp\/v2\/comments?post=2907"}],"version-history":[{"count":16,"href":"https:\/\/aft-rn.net\/wordpress\/wp-json\/wp\/v2\/pages\/2907\/revisions"}],"predecessor-version":[{"id":3294,"href":"https:\/\/aft-rn.net\/wordpress\/wp-json\/wp\/v2\/pages\/2907\/revisions\/3294"}],"wp:attachment":[{"href":"https:\/\/aft-rn.net\/wordpress\/wp-json\/wp\/v2\/media?parent=2907"}],"curies":[{"name":"wp","href":"https:\/\/api.w.org\/{rel}","templated":true}]}}