{"id":404,"date":"2022-02-08T09:53:05","date_gmt":"2022-02-08T08:53:05","guid":{"rendered":"https:\/\/aft-rn.net\/wordpress\/?page_id=404"},"modified":"2026-04-13T10:52:29","modified_gmt":"2026-04-13T08:52:29","slug":"nos-soutiens","status":"publish","type":"page","link":"https:\/\/aft-rn.net\/wordpress\/nos-soutiens\/","title":{"rendered":"Nos soutiens"},"content":{"rendered":"\r\n<p class=\"has-text-align-center\" style=\"text-align: center;\"><strong>Les entreprises et associations qui nous soutiennent apparaissent sur cette page dans l&rsquo;ordre historique.<\/strong><\/p>\r\n<p class=\"has-text-align-center\" style=\"text-align: center;\"><strong>Cliquez sur leur logo, pour acc\u00e9der \u00e0 leur site.<\/strong><\/p>\r\n\r\n\r\n\r\n<div class=\"wp-block-media-text alignwide is-stacked-on-mobile\" style=\"grid-template-columns: 23% auto;\">\r\n<figure class=\"wp-block-media-text__media\"><a href=\"https:\/\/www.easytis.com\/fr\/\"><img loading=\"lazy\" decoding=\"async\" class=\"wp-image-1032  alignnone\" src=\"https:\/\/aft-rn.net\/wordpress\/wp-content\/uploads\/2022\/03\/logo-Easytis-HD-Copie.png\" alt=\"\" width=\"354\" height=\"253\" srcset=\"https:\/\/aft-rn.net\/wordpress\/wp-content\/uploads\/2022\/03\/logo-Easytis-HD-Copie.png 513w, https:\/\/aft-rn.net\/wordpress\/wp-content\/uploads\/2022\/03\/logo-Easytis-HD-Copie-300x215.png 300w\" sizes=\"auto, (max-width: 354px) 100vw, 354px\" \/><\/a><\/figure>\r\n<div class=\"wp-block-media-text__content\">\r\n<p>Le sp\u00e9cialiste des objets connect\u00e9s \u00e0 usage p\u00e9dagogique. LEGO Education, Einstruction, Turning Technologies , tablettes tactiles pour \u00e9coles Intel Education. \u0152uvre aupr\u00e8s des institutions pour la reconnaissance du statut de formateur qui fait d\u00e9faut aux ERUN.<\/p>\r\n<p>&nbsp;<\/p>\r\n\r\n\r\n<\/div>\r\n<\/div>\r\n\r\n\r\n\r\n<div class=\"wp-block-media-text alignwide is-stacked-on-mobile\" style=\"grid-template-columns: 23% auto;\">\r\n<figure class=\"wp-block-media-text__media\"><a href=\"https:\/\/www.generation5.fr\/\"><img loading=\"lazy\" decoding=\"async\" width=\"709\" height=\"354\" class=\"wp-image-1012 size-full\" src=\"https:\/\/aft-rn.net\/wordpress\/wp-content\/uploads\/2022\/03\/LogoG5-2014.bmp\" alt=\"\" srcset=\"https:\/\/aft-rn.net\/wordpress\/wp-content\/uploads\/2022\/03\/LogoG5-2014.bmp 709w, https:\/\/aft-rn.net\/wordpress\/wp-content\/uploads\/2022\/03\/LogoG5-2014-300x150.jpg 300w\" sizes=\"auto, (max-width: 709px) 100vw, 709px\" \/><\/a><\/figure>\r\n<div class=\"wp-block-media-text__content\">\r\n<p>Cr\u00e9\u00e9 par des enseignants il y a plus de 30 ans, G\u00e9n\u00e9ration 5 est aujourd\u2019hui un acteur majeur du monde de l\u2019\u00e9ducation.<\/p>\r\n<p>Il a \u00e9t\u00e9 le premier \u00e0 proposer des solutions multi-supports (ordinateurs, TNI, tablettes&#8230;) combinant les usages collectifs et individuels.<\/p>\r\n<p>&nbsp;<\/p>\r\n<\/div>\r\n<\/div>\r\n<p><img loading=\"lazy\" decoding=\"async\" class=\"wp-image-2861 alignleft\" src=\"https:\/\/aft-rn.net\/wordpress\/wp-content\/uploads\/2025\/11\/Capture-decran-2025-11-25-a-11.29.56-300x96.png\" alt=\"\" width=\"231\" height=\"74\" srcset=\"https:\/\/aft-rn.net\/wordpress\/wp-content\/uploads\/2025\/11\/Capture-decran-2025-11-25-a-11.29.56-300x96.png 300w, https:\/\/aft-rn.net\/wordpress\/wp-content\/uploads\/2025\/11\/Capture-decran-2025-11-25-a-11.29.56-360x116.png 360w, https:\/\/aft-rn.net\/wordpress\/wp-content\/uploads\/2025\/11\/Capture-decran-2025-11-25-a-11.29.56.png 635w\" sizes=\"auto, (max-width: 231px) 100vw, 231px\" \/><\/p>\r\n<p>Depuis plus de vingt ans, c\u2019est le village d\u2019Ax-les-Thermes au c\u0153ur de la vall\u00e9e de l\u2019Ari\u00e8ge qui accueille l\u2019Universit\u00e9 d\u2019\u00e9t\u00e9 du num\u00e9rique \u00e9ducatif. Au del\u00e0 des formats de type conf\u00e9rences ou tables rondes, LUDOVIA engage les \u00e9changes avec des formats o\u00f9 l\u2019interaction est mise avant.\u00a0Au fil des ann\u00e9es, LUDOVIA s&rsquo;est progressivement export\u00e9 \u00e0 l&rsquo;international : Suisse, Belgique, Polyn\u00e9sie Fran\u00e7aise\u2026 Ainsi, aujourd\u2019hui, LUDOVIA, ce sont des Universit\u00e9s d&rsquo;\u00e9t\u00e9, de printemps, d&rsquo;automne mais aussi des Campus qui r\u00e9unissent 3000 participants francophones du monde entier ; ils se r\u00e9unissent dans le m\u00eame \u00e9tat d\u2019esprit tout en donnant les priorit\u00e9s locales dans l\u2019organisation de leur \u00e9v\u00e8nement.<\/p>\r\n<p>&nbsp;<\/p>\r\n\r\n\r\n\r\n<div class=\"wp-block-media-text alignwide is-stacked-on-mobile\" style=\"grid-template-columns: 23% auto;\">\r\n<figure class=\"wp-block-media-text__media\"><a href=\"https:\/\/www.kwartz.com\/fr\/\" target=\"_blank\" rel=\"noopener\"><img loading=\"lazy\" decoding=\"async\" width=\"1024\" height=\"254\" class=\"wp-image-984 size-full\" src=\"https:\/\/aft-rn.net\/wordpress\/wp-content\/uploads\/2022\/03\/Kwartz-1024x254.png\" alt=\"\" srcset=\"https:\/\/aft-rn.net\/wordpress\/wp-content\/uploads\/2022\/03\/Kwartz-1024x254.png 1024w, https:\/\/aft-rn.net\/wordpress\/wp-content\/uploads\/2022\/03\/Kwartz-300x74.png 300w, https:\/\/aft-rn.net\/wordpress\/wp-content\/uploads\/2022\/03\/Kwartz-768x190.png 768w, https:\/\/aft-rn.net\/wordpress\/wp-content\/uploads\/2022\/03\/Kwartz.png 1438w\" sizes=\"auto, (max-width: 1024px) 100vw, 1024px\" \/><\/a><\/figure>\r\n<div class=\"wp-block-media-text__content\">\r\n<p class=\"has-medium-font-size\"><span style=\"font-size: 12pt;\">KWARTZ et KMC Solutions s\u00e9curisent et administrent les r\u00e9seaux informatiques des \u00e9tablissements scolaires pour permettre aux professeurs et aux \u00e9l\u00e8ves d&rsquo;utiliser leurs terminaux, qu&rsquo;ils soient fixes ou mobiles, et les applications en toute s\u00e9curit\u00e9.<\/span><\/p>\r\n<p>&nbsp;<\/p>\r\n<\/div>\r\n<\/div>\r\n\r\n\r\n\r\n<div class=\"wp-block-media-text alignwide is-stacked-on-mobile\" style=\"grid-template-columns: 22% auto;\">\r\n<figure class=\"wp-block-media-text__media\"><a href=\"https:\/\/idruide.com\/\" target=\"_blank\" rel=\"noopener\"><img loading=\"lazy\" decoding=\"async\" width=\"400\" height=\"152\" class=\"wp-image-1047 size-full\" src=\"https:\/\/aft-rn.net\/wordpress\/wp-content\/uploads\/2022\/03\/f6406391bd7828a97d1f668c6889ffe3.gif\" alt=\"\" \/><\/a><\/figure>\r\n<div class=\"wp-block-media-text__content\">\r\n<p>idruide propose une suite logicielle \u00e9ducation simple, compl\u00e8te et performante pour administrer les parcs d&rsquo;appareils mobiles, animer la classe et s\u00e9curiser la navigation sur internet.<\/p>\r\n\r\n\r\n\r\n<p>Les technologies idruide fonctionnent sur les syst\u00e8mes d&rsquo;exploitation les plus utilis\u00e9s (Android, Windows, Apple et Chrome OS). Elles sont op\u00e9rationnelles sur tous types d&rsquo;appareils num\u00e9riques mobiles.<\/p>\r\n<p>&nbsp;<\/p>\r\n<\/div>\r\n<\/div>\r\n\r\n\r\n\r\n\r\n\r\n<div class=\"wp-block-media-text is-stacked-on-mobile\" style=\"grid-template-columns: 23% auto;\">\r\n<figure class=\"wp-block-media-text__media\"><a href=\"https:\/\/evidenceb.fr\/\" target=\"_blank\" rel=\"noreferrer noopener\"><img loading=\"lazy\" decoding=\"async\" width=\"500\" height=\"500\" class=\"wp-image-1722 size-full\" src=\"https:\/\/aft-rn.net\/wordpress\/wp-content\/uploads\/2023\/09\/EvidenceB-carre.png\" alt=\"\" srcset=\"https:\/\/aft-rn.net\/wordpress\/wp-content\/uploads\/2023\/09\/EvidenceB-carre.png 500w, https:\/\/aft-rn.net\/wordpress\/wp-content\/uploads\/2023\/09\/EvidenceB-carre-300x300.png 300w, https:\/\/aft-rn.net\/wordpress\/wp-content\/uploads\/2023\/09\/EvidenceB-carre-150x150.png 150w, https:\/\/aft-rn.net\/wordpress\/wp-content\/uploads\/2023\/09\/EvidenceB-carre-450x450.png 450w\" sizes=\"auto, (max-width: 500px) 100vw, 500px\" \/><\/a><\/figure>\r\n<div class=\"wp-block-media-text__content\">\r\n<p>EvidenceB est une start-up \u00e0 impact qui con\u00e7oit des ressources d&rsquo;apprentissage adaptatif pour les \u00e9l\u00e8ves du primaire au lyc\u00e9e. Parmi les ressources d\u00e9velopp\u00e9es, Adaptiv&rsquo;Math est un assistant p\u00e9dagogique de plus de 8000 exercices pour l&rsquo;apprentissage des math\u00e9matiques en cycle 2. Gr\u00e2ce \u00e0 l&rsquo;intelligence artificielle chaque \u00e9l\u00e8ve a un parcours personnalis\u00e9, dont les r\u00e9sultats pr\u00e9sent\u00e9s sous forme de tableaux de bord viennent enrichir la vision p\u00e9dagogique de l\u2019enseignant !<\/p>\r\n\r\n\r\n\r\n<p>Pour tester l&rsquo;application : <a href=\"https:\/\/www.adaptivmath.fr\/register\" target=\"_blank\" rel=\"noreferrer noopener\">https:\/\/www.adaptivmath.fr\/register<\/a><\/p>\r\n<p>&nbsp;<\/p>\r\n<\/div>\r\n<\/div>\r\n\r\n\r\n\r\n<div class=\"wp-block-media-text is-stacked-on-mobile\" style=\"grid-template-columns: 23% auto;\">\r\n<figure class=\"wp-block-media-text__media\"><a href=\"https:\/\/poplab.education\/\" target=\"_blank\" rel=\"noreferrer noopener\"><img loading=\"lazy\" decoding=\"async\" width=\"1024\" height=\"256\" class=\"wp-image-1792 size-full alignleft\" src=\"https:\/\/aft-rn.net\/wordpress\/wp-content\/uploads\/2023\/10\/Logo-PopLab-1024x256.png\" alt=\"\" srcset=\"https:\/\/aft-rn.net\/wordpress\/wp-content\/uploads\/2023\/10\/Logo-PopLab-1024x256.png 1024w, https:\/\/aft-rn.net\/wordpress\/wp-content\/uploads\/2023\/10\/Logo-PopLab-300x75.png 300w, https:\/\/aft-rn.net\/wordpress\/wp-content\/uploads\/2023\/10\/Logo-PopLab-768x192.png 768w, https:\/\/aft-rn.net\/wordpress\/wp-content\/uploads\/2023\/10\/Logo-PopLab.png 1350w\" sizes=\"auto, (max-width: 1024px) 100vw, 1024px\" \/><\/a><\/figure>\r\n<div class=\"wp-block-media-text__content\">\r\n<p>PopLab est un outil simple et polyvalent, permettant de pr\u00e9parer ses cours, de rassembler ses ressources p\u00e9dagogiques en un m\u00eame endroit, de les partager et de collaborer facilement avec ses coll\u00e8gues ou ses \u00e9l\u00e8ves.<\/p>\r\n<p>Con\u00e7u avec et pour des enseignants, PopLab s&rsquo;adapte \u00e0 toutes les p\u00e9dagogies, quels que soient la discipline et le niveau.<\/p>\r\n<\/div>\r\n<\/div>\r\n<p><a href=\"https:\/\/edifice.io\/\" target=\"_blank\" rel=\"noopener\"><img loading=\"lazy\" decoding=\"async\" class=\"wp-image-1924 alignleft\" src=\"https:\/\/aft-rn.net\/wordpress\/wp-content\/uploads\/2023\/12\/EDIFICE_SIGNATURE_RVB-1-300x124.png\" alt=\"\" width=\"212\" height=\"88\" srcset=\"https:\/\/aft-rn.net\/wordpress\/wp-content\/uploads\/2023\/12\/EDIFICE_SIGNATURE_RVB-1-300x124.png 300w, https:\/\/aft-rn.net\/wordpress\/wp-content\/uploads\/2023\/12\/EDIFICE_SIGNATURE_RVB-1-1024x422.png 1024w, https:\/\/aft-rn.net\/wordpress\/wp-content\/uploads\/2023\/12\/EDIFICE_SIGNATURE_RVB-1-768x317.png 768w, https:\/\/aft-rn.net\/wordpress\/wp-content\/uploads\/2023\/12\/EDIFICE_SIGNATURE_RVB-1-360x148.png 360w, https:\/\/aft-rn.net\/wordpress\/wp-content\/uploads\/2023\/12\/EDIFICE_SIGNATURE_RVB-1.png 1217w\" sizes=\"auto, (max-width: 212px) 100vw, 212px\" \/><\/a><\/p>\r\n<p>\u00c9difice est le partenaire des acteurs \u00e9ducatifs engag\u00e9s depuis plus de 10 ans. Ses espaces num\u00e9riques ONE et NEO sont pl\u00e9biscit\u00e9s par 11 millions d&rsquo;utilisateurs de la maternelle au lyc\u00e9e. ONE et NEO stimulent le partage et la collaboration, dans un cadre de confiance, et gr\u00e2ce \u00e0 des services num\u00e9riques intuitifs.<\/p>\r\n<p>Avec une communaut\u00e9 de plus de 16 000 \u00e9coles utilisatrices et des millions de connexions chaque jour, ONE est la solution n\u00b01 pour mettre en r\u00e9seau tous les acteurs de l&rsquo;\u00e9cole, am\u00e9liorer la communication et faire travailler les \u00e9l\u00e8ves avec le num\u00e9rique.<\/p>\r\n<p><a href=\"https:\/\/www.educatech-expo.com\/\" target=\"_blank\" rel=\"noopener\"><img loading=\"lazy\" decoding=\"async\" class=\" wp-image-2822 alignleft\" src=\"https:\/\/aft-rn.net\/wordpress\/wp-content\/uploads\/2025\/11\/cropped-EDC-LOGO-2025-couleur-6888d6dd29851-300x123.png\" alt=\"\" width=\"305\" height=\"125\" srcset=\"https:\/\/aft-rn.net\/wordpress\/wp-content\/uploads\/2025\/11\/cropped-EDC-LOGO-2025-couleur-6888d6dd29851-300x123.png 300w, https:\/\/aft-rn.net\/wordpress\/wp-content\/uploads\/2025\/11\/cropped-EDC-LOGO-2025-couleur-6888d6dd29851-360x148.png 360w, https:\/\/aft-rn.net\/wordpress\/wp-content\/uploads\/2025\/11\/cropped-EDC-LOGO-2025-couleur-6888d6dd29851.png 427w\" sizes=\"auto, (max-width: 305px) 100vw, 305px\" \/><\/a>Educatech Expo est le salon de l\u2019innovation p\u00e9dagogique et du num\u00e9rique \u00e9ducatif en format One to one, r\u00e9unissant chaque ann\u00e9e plus de <a href=\"https:\/\/www.educatech-expo.com\/visiter\" target=\"_blank\" rel=\"noopener\"><strong>14\u00a0000 participants<\/strong><\/a> et pr\u00e8s de 300 stands exposants autour des solutions innovantes qui transforment l\u2019enseignement et la formation. Depuis 2009, Educatech Expo, cr\u00e9\u00e9 par <a href=\"https:\/\/www.weyou-group.com\/\" target=\"_blank\" rel=\"noopener\"><strong>Weyou Group<\/strong><\/a>, s\u2019impose comme le rendez-vous incontournable des professionnels de l\u2019\u00e9ducation, de l\u2019enseignement et de la formation.<\/p>\r\n<p><a href=\"https:\/\/www.viewsonic.com\/fr\/education\/\" target=\"_blank\" rel=\"noopener\"><img loading=\"lazy\" decoding=\"async\" class=\"size-full wp-image-2571 alignleft\" src=\"https:\/\/aft-rn.net\/wordpress\/wp-content\/uploads\/2025\/09\/ws.jpg\" alt=\"\" width=\"225\" height=\"225\" srcset=\"https:\/\/aft-rn.net\/wordpress\/wp-content\/uploads\/2025\/09\/ws.jpg 225w, https:\/\/aft-rn.net\/wordpress\/wp-content\/uploads\/2025\/09\/ws-150x150.jpg 150w\" sizes=\"auto, (max-width: 225px) 100vw, 225px\" \/><\/a><\/p>\r\n<p>ViewSonic est un acteur mondial des solutions visuelles et edtech, engag\u00e9 \u00e0 accompagner les \u00e9tablissements scolaires et universitaires dans leur transformation num\u00e9rique. Avec ses \u00e9crans interactifs ViewBoard et son logiciel p\u00e9dagogique myViewBoard, ViewSonic offre des outils puissants et intuitifs pour faciliter l&rsquo;enseignement, stimuler la participation des \u00e9l\u00e8ves et encourager la collaboration. Au service de l&rsquo;\u00e9ducation inclusive, ViewSonic con\u00e7oit des environnements d&rsquo;apprentissage accessibles et adapt\u00e9s aux besoins de chaque \u00e9l\u00e8ve. Son \u00e9cosyst\u00e8me allie technologie, p\u00e9dagogie et innovation afin de donner aux enseignants les moyens de cr\u00e9er des exp\u00e9riences d&rsquo;apprentissage interactives, immersives et ouvertes \u00e0 tous.<\/p>\r\n<p>&nbsp;<\/p>\r\n<p class=\"wp-block-heading\"><span style=\"font-size: 12pt;\"><a href=\"https:\/\/ludovia.be\/\" target=\"_blank\" rel=\"noopener\"><img loading=\"lazy\" decoding=\"async\" class=\" wp-image-3230 alignleft\" src=\"https:\/\/aft-rn.net\/wordpress\/wp-content\/uploads\/2026\/03\/Capture-decran-2026-03-02-a-11.14.18.png\" alt=\"\" width=\"240\" height=\"84\" \/><\/a>LUDOVIA#BE, est un festival consacr\u00e9 aux usages du num\u00e9rique en milieu acad\u00e9mique. Il rassemble, en Wallonie, \u00e0 Spa, les acteurs francophones du num\u00e9rique \u00e9ducatif. <\/span>LUDOVIA#Be s\u2019inscrit dans la strat\u00e9gie <a href=\"https:\/\/www.digitalwallonia.be\/fr\/\" target=\"_blank\" rel=\"noopener\"><strong>Digital Wallonia<\/strong><\/a> de la R\u00e9gion Wallonne. Pour r\u00e9sumer LUDOVIA#BE ce sont : des ateliers \u2013 des contenus \u2013 des rencontres.<\/p>\r\n<p>&nbsp;<\/p>\r\n<p><img loading=\"lazy\" decoding=\"async\" class=\" wp-image-2828 alignleft\" src=\"https:\/\/aft-rn.net\/wordpress\/wp-content\/uploads\/2025\/11\/AFINEF_HDLogo_.jpg-300x116.webp\" alt=\"\" width=\"379\" height=\"147\" srcset=\"https:\/\/aft-rn.net\/wordpress\/wp-content\/uploads\/2025\/11\/AFINEF_HDLogo_.jpg-300x116.webp 300w, https:\/\/aft-rn.net\/wordpress\/wp-content\/uploads\/2025\/11\/AFINEF_HDLogo_.jpg-1024x396.webp 1024w, https:\/\/aft-rn.net\/wordpress\/wp-content\/uploads\/2025\/11\/AFINEF_HDLogo_.jpg-768x297.webp 768w, https:\/\/aft-rn.net\/wordpress\/wp-content\/uploads\/2025\/11\/AFINEF_HDLogo_.jpg-1536x593.webp 1536w, https:\/\/aft-rn.net\/wordpress\/wp-content\/uploads\/2025\/11\/AFINEF_HDLogo_.jpg-360x139.webp 360w, https:\/\/aft-rn.net\/wordpress\/wp-content\/uploads\/2025\/11\/AFINEF_HDLogo_.jpg-1320x510.webp 1320w, https:\/\/aft-rn.net\/wordpress\/wp-content\/uploads\/2025\/11\/AFINEF_HDLogo_.jpg.webp 2048w\" sizes=\"auto, (max-width: 379px) 100vw, 379px\" \/>L\u2019AFINEF est une association qui f\u00e9d\u00e8re plus de 130 membres qui portent la m\u00eame conviction : le num\u00e9rique est un formidable outil au service des \u00e9l\u00e8ves et des enseignants, des formateurs et des apprenants, pour faciliter le processus d\u2019apprentissage, favoriser la r\u00e9ussite de chacun et ouvrir \u00e0 tous les champs des possibles.<\/p>\r\n<p>L\u2019association, repr\u00e9sentative de la fili\u00e8re, comprend des entreprises de toute taille, allant de la petite startup aux grands groupes. Cr\u00e9\u00e9e en 2012, l&rsquo;association agr\u00e8ge plus de 12 ann\u00e9es d&rsquo;exp\u00e9rience sur le num\u00e9rique pour l&rsquo;\u00e9ducation et la formation, qu&rsquo;elle met au service de la fili\u00e8re et de l&rsquo;\u00e9cosyst\u00e8me du num\u00e9rique \u00e9ducatif.<\/p>\r\n<p><a href=\"https:\/\/junior.edumedia.com\/fr\" target=\"_blank\" rel=\"noopener\"><img loading=\"lazy\" decoding=\"async\" class=\"wp-image-2994 alignleft\" src=\"https:\/\/aft-rn.net\/wordpress\/wp-content\/uploads\/2025\/12\/banniere_partenaire-300x115.png\" alt=\"\" width=\"384\" height=\"147\" srcset=\"https:\/\/aft-rn.net\/wordpress\/wp-content\/uploads\/2025\/12\/banniere_partenaire-300x115.png 300w, https:\/\/aft-rn.net\/wordpress\/wp-content\/uploads\/2025\/12\/banniere_partenaire-1024x392.png 1024w, https:\/\/aft-rn.net\/wordpress\/wp-content\/uploads\/2025\/12\/banniere_partenaire-768x294.png 768w, https:\/\/aft-rn.net\/wordpress\/wp-content\/uploads\/2025\/12\/banniere_partenaire-1536x589.png 1536w, https:\/\/aft-rn.net\/wordpress\/wp-content\/uploads\/2025\/12\/banniere_partenaire-2048x785.png 2048w, https:\/\/aft-rn.net\/wordpress\/wp-content\/uploads\/2025\/12\/banniere_partenaire-360x138.png 360w, https:\/\/aft-rn.net\/wordpress\/wp-content\/uploads\/2025\/12\/banniere_partenaire-1320x506.png 1320w\" sizes=\"auto, (max-width: 384px) 100vw, 384px\" \/><\/a>EduMedia est une soci\u00e9t\u00e9 sp\u00e9cialis\u00e9e dans la production de contenus interactifs. Deux solutions sont aujourd&rsquo;hui commercialis\u00e9es:<br \/>&#8211; eduMedia Sciences ( www.edumedia-sciences.com) : la plus grand banque de Learning Objects en sciences et math\u00e9matiques pour le primaire et le secondaire.<\/p>\r\n<p>&#8211; Alec ou Apprendre \u00e0 Lire Et Compter ( alec-edu.com) plateforme d\u00e9di\u00e9e \u00e0 l&rsquo;apprentissage des math\u00e9matiques et du fran\u00e7ais \u00e0 la maternelle et au primaire. Cette plateforme est un LMS compos\u00e9 d&rsquo;une centaine de jeux. D\u00e9velopp\u00e9s en HTML5, avec l&rsquo;aide d&rsquo;artiste issus du monde du. jeu vid\u00e9o et de l&rsquo;illustration cette ressource connait un vif succ\u00e8s au Canada.<\/p>\r\n<p>&nbsp;<\/p>\r\n<p><a href=\"https:\/\/www.druide.com\/fr\" target=\"_blank\" rel=\"noopener\"><strong><img loading=\"lazy\" decoding=\"async\" class=\" wp-image-3226 alignleft\" src=\"https:\/\/aft-rn.net\/wordpress\/wp-content\/uploads\/2026\/03\/logo_druide-300x88.png\" alt=\"\" width=\"400\" height=\"117\" srcset=\"https:\/\/aft-rn.net\/wordpress\/wp-content\/uploads\/2026\/03\/logo_druide-300x88.png 300w, https:\/\/aft-rn.net\/wordpress\/wp-content\/uploads\/2026\/03\/logo_druide-768x226.png 768w, https:\/\/aft-rn.net\/wordpress\/wp-content\/uploads\/2026\/03\/logo_druide-360x106.png 360w, https:\/\/aft-rn.net\/wordpress\/wp-content\/uploads\/2026\/03\/logo_druide.png 1000w\" sizes=\"auto, (max-width: 400px) 100vw, 400px\" \/><\/strong><\/a>Druide\u00a0informatique est une soci\u00e9t\u00e9 sp\u00e9cialis\u00e9e en intelligence artificielle linguistique depuis 1993. Elle produit et commercialise <a href=\"https:\/\/www.antidote.info\/fr\/\"><strong>Antidote<\/strong><\/a>, le plus grand logiciel d\u2019aide \u00e0 la r\u00e9daction du fran\u00e7ais et de l\u2019anglais, ainsi que <a href=\"https:\/\/www.taptouche.com\/fr\/edition-scolaire\"><strong>Tap\u2019Touche<\/strong><\/a>, le c\u00e9l\u00e8bre logiciel d\u2019apprentissage de la frappe au clavier.<\/p>\r\n<p><a href=\"https:\/\/ouiactive.com\/\" target=\"_blank\" rel=\"noopener\"><img loading=\"lazy\" decoding=\"async\" class=\" wp-image-3342 alignleft\" src=\"https:\/\/aft-rn.net\/wordpress\/wp-content\/uploads\/2026\/04\/dinobot-long-300x60.png\" alt=\"\" width=\"395\" height=\"79\" srcset=\"https:\/\/aft-rn.net\/wordpress\/wp-content\/uploads\/2026\/04\/dinobot-long-300x60.png 300w, https:\/\/aft-rn.net\/wordpress\/wp-content\/uploads\/2026\/04\/dinobot-long-1024x206.png 1024w, https:\/\/aft-rn.net\/wordpress\/wp-content\/uploads\/2026\/04\/dinobot-long-768x155.png 768w, https:\/\/aft-rn.net\/wordpress\/wp-content\/uploads\/2026\/04\/dinobot-long-360x72.png 360w, https:\/\/aft-rn.net\/wordpress\/wp-content\/uploads\/2026\/04\/dinobot-long.png 1207w\" sizes=\"auto, (max-width: 395px) 100vw, 395px\" \/><\/a>DinoBot est une IA p\u00e9dagogique utilis\u00e9e par 200 000 \u00e9l\u00e8ves et 10 000 enseignants en France. Prix national France T\u00e9l\u00e9visions d\u00e9cern\u00e9 par Bpifrance.<\/p>\r\n<p>R\u00e9f\u00e9renc\u00e9 au GAR du Minist\u00e8re de l&rsquo;\u00c9ducation nationale et disponible sur \u00c9cole Directe. Accessible directement depuis les ENT via le GAR et via \u00c9cole Directe. Enseignants et directions peuvent tester gratuitement pendant un mois.<\/p>\r\n","protected":false},"excerpt":{"rendered":"<p>Les entreprises et associations qui nous soutiennent apparaissent sur cette page dans l&rsquo;ordre historique. Cliquez sur leur logo, pour acc\u00e9der \u00e0 leur site. Le sp\u00e9cialiste des objets connect\u00e9s \u00e0 usage p\u00e9dagogique. LEGO Education, Einstruction, Turning Technologies , tablettes tactiles pour <a href=\"https:\/\/aft-rn.net\/wordpress\/nos-soutiens\/\" class=\"read-more\">Read More &#8230;<\/a><\/p>\n","protected":false},"author":1,"featured_media":0,"parent":0,"menu_order":0,"comment_status":"closed","ping_status":"closed","template":"","meta":{"footnotes":""},"class_list":["post-404","page","type-page","status-publish","hentry"],"_links":{"self":[{"href":"https:\/\/aft-rn.net\/wordpress\/wp-json\/wp\/v2\/pages\/404","targetHints":{"allow":["GET"]}}],"collection":[{"href":"https:\/\/aft-rn.net\/wordpress\/wp-json\/wp\/v2\/pages"}],"about":[{"href":"https:\/\/aft-rn.net\/wordpress\/wp-json\/wp\/v2\/types\/page"}],"author":[{"embeddable":true,"href":"https:\/\/aft-rn.net\/wordpress\/wp-json\/wp\/v2\/users\/1"}],"replies":[{"embeddable":true,"href":"https:\/\/aft-rn.net\/wordpress\/wp-json\/wp\/v2\/comments?post=404"}],"version-history":[{"count":55,"href":"https:\/\/aft-rn.net\/wordpress\/wp-json\/wp\/v2\/pages\/404\/revisions"}],"predecessor-version":[{"id":3343,"href":"https:\/\/aft-rn.net\/wordpress\/wp-json\/wp\/v2\/pages\/404\/revisions\/3343"}],"wp:attachment":[{"href":"https:\/\/aft-rn.net\/wordpress\/wp-json\/wp\/v2\/media?parent=404"}],"curies":[{"name":"wp","href":"https:\/\/api.w.org\/{rel}","templated":true}]}}